{"id":322,"date":"2020-09-22T14:29:03","date_gmt":"2020-09-22T14:29:03","guid":{"rendered":"https:\/\/restaurantelaaquarela.com\/reservations\/"},"modified":"2024-09-23T16:28:00","modified_gmt":"2024-09-23T15:28:00","slug":"reservas","status":"publish","type":"page","link":"https:\/\/www.restaurantelaaquarela.com\/es\/reservas\/","title":{"rendered":"Reservas"},"content":{"rendered":"\t\t<div data-elementor-type=\"wp-page\" data-elementor-id=\"322\" class=\"elementor elementor-322 elementor-158\" data-elementor-post-type=\"page\">\n\t\t\t\t<div data-particle_enable=\"false\" data-particle-mobile-disabled=\"false\" class=\"elementor-element elementor-element-c111f0e e-con-full e-flex e-con e-parent\" data-id=\"c111f0e\" data-element_type=\"container\" data-e-type=\"container\" data-settings=\"{&quot;jet_parallax_layout_list&quot;:[{&quot;jet_parallax_layout_image&quot;:{&quot;url&quot;:&quot;&quot;,&quot;id&quot;:&quot;&quot;,&quot;size&quot;:&quot;&quot;},&quot;_id&quot;:&quot;2060607&quot;,&quot;jet_parallax_layout_image_tablet&quot;:{&quot;url&quot;:&quot;&quot;,&quot;id&quot;:&quot;&quot;,&quot;size&quot;:&quot;&quot;},&quot;jet_parallax_layout_image_mobile&quot;:{&quot;url&quot;:&quot;&quot;,&quot;id&quot;:&quot;&quot;,&quot;size&quot;:&quot;&quot;},&quot;jet_parallax_layout_speed&quot;:{&quot;unit&quot;:&quot;%&quot;,&quot;size&quot;:50,&quot;sizes&quot;:[]},&quot;jet_parallax_layout_type&quot;:&quot;scroll&quot;,&quot;jet_parallax_layout_direction&quot;:&quot;1&quot;,&quot;jet_parallax_layout_fx_direction&quot;:null,&quot;jet_parallax_layout_z_index&quot;:&quot;&quot;,&quot;jet_parallax_layout_bg_x&quot;:50,&quot;jet_parallax_layout_bg_x_tablet&quot;:&quot;&quot;,&quot;jet_parallax_layout_bg_x_mobile&quot;:&quot;&quot;,&quot;jet_parallax_layout_bg_y&quot;:50,&quot;jet_parallax_layout_bg_y_tablet&quot;:&quot;&quot;,&quot;jet_parallax_layout_bg_y_mobile&quot;:&quot;&quot;,&quot;jet_parallax_layout_bg_size&quot;:&quot;auto&quot;,&quot;jet_parallax_layout_bg_size_tablet&quot;:&quot;&quot;,&quot;jet_parallax_layout_bg_size_mobile&quot;:&quot;&quot;,&quot;jet_parallax_layout_animation_prop&quot;:&quot;transform&quot;,&quot;jet_parallax_layout_on&quot;:[&quot;desktop&quot;,&quot;tablet&quot;]}],&quot;background_background&quot;:&quot;slideshow&quot;,&quot;background_slideshow_gallery&quot;:[{&quot;id&quot;:4997,&quot;url&quot;:&quot;https:\\\/\\\/restaurantelaaquarela.com\\\/wp-content\\\/uploads\\\/footer-carrousel-1-1920x1080-1.jpg&quot;},{&quot;id&quot;:4999,&quot;url&quot;:&quot;https:\\\/\\\/restaurantelaaquarela.com\\\/wp-content\\\/uploads\\\/footer-carrousel-2-1920x1080-1.jpg&quot;},{&quot;id&quot;:5001,&quot;url&quot;:&quot;https:\\\/\\\/restaurantelaaquarela.com\\\/wp-content\\\/uploads\\\/footer-carrousel-3-1920x1080-1.jpg&quot;},{&quot;id&quot;:5003,&quot;url&quot;:&quot;https:\\\/\\\/restaurantelaaquarela.com\\\/wp-content\\\/uploads\\\/footer-carrousel-4-1920x1080-1.jpg&quot;},{&quot;id&quot;:5005,&quot;url&quot;:&quot;https:\\\/\\\/restaurantelaaquarela.com\\\/wp-content\\\/uploads\\\/footer-carrousel-5-1920x1080-1.jpg&quot;},{&quot;id&quot;:5007,&quot;url&quot;:&quot;https:\\\/\\\/restaurantelaaquarela.com\\\/wp-content\\\/uploads\\\/header-1920x1080-1.jpg&quot;}],&quot;background_slideshow_loop&quot;:&quot;yes&quot;,&quot;background_slideshow_slide_duration&quot;:5000,&quot;background_slideshow_slide_transition&quot;:&quot;fade&quot;,&quot;background_slideshow_transition_duration&quot;:500}\">\n\t\t<div data-particle_enable=\"false\" data-particle-mobile-disabled=\"false\" class=\"elementor-element elementor-element-db5496d e-con-full e-flex e-con e-child\" data-id=\"db5496d\" data-element_type=\"container\" data-e-type=\"container\" data-settings=\"{&quot;jet_parallax_layout_list&quot;:[]}\">\n\t\t\t\t<\/div>\n\t\t\t\t<\/div>\n\t\t<div data-particle_enable=\"false\" data-particle-mobile-disabled=\"false\" class=\"elementor-element elementor-element-6bae930 e-flex e-con-boxed e-con e-parent\" data-id=\"6bae930\" data-element_type=\"container\" data-e-type=\"container\" data-settings=\"{&quot;jet_parallax_layout_list&quot;:[{&quot;jet_parallax_layout_image&quot;:{&quot;url&quot;:&quot;&quot;,&quot;id&quot;:&quot;&quot;,&quot;size&quot;:&quot;&quot;},&quot;_id&quot;:&quot;b1a91e9&quot;,&quot;jet_parallax_layout_image_tablet&quot;:{&quot;url&quot;:&quot;&quot;,&quot;id&quot;:&quot;&quot;,&quot;size&quot;:&quot;&quot;},&quot;jet_parallax_layout_image_mobile&quot;:{&quot;url&quot;:&quot;&quot;,&quot;id&quot;:&quot;&quot;,&quot;size&quot;:&quot;&quot;},&quot;jet_parallax_layout_speed&quot;:{&quot;unit&quot;:&quot;%&quot;,&quot;size&quot;:50,&quot;sizes&quot;:[]},&quot;jet_parallax_layout_type&quot;:&quot;scroll&quot;,&quot;jet_parallax_layout_direction&quot;:&quot;1&quot;,&quot;jet_parallax_layout_fx_direction&quot;:null,&quot;jet_parallax_layout_z_index&quot;:&quot;&quot;,&quot;jet_parallax_layout_bg_x&quot;:50,&quot;jet_parallax_layout_bg_x_tablet&quot;:&quot;&quot;,&quot;jet_parallax_layout_bg_x_mobile&quot;:&quot;&quot;,&quot;jet_parallax_layout_bg_y&quot;:50,&quot;jet_parallax_layout_bg_y_tablet&quot;:&quot;&quot;,&quot;jet_parallax_layout_bg_y_mobile&quot;:&quot;&quot;,&quot;jet_parallax_layout_bg_size&quot;:&quot;auto&quot;,&quot;jet_parallax_layout_bg_size_tablet&quot;:&quot;&quot;,&quot;jet_parallax_layout_bg_size_mobile&quot;:&quot;&quot;,&quot;jet_parallax_layout_animation_prop&quot;:&quot;transform&quot;,&quot;jet_parallax_layout_on&quot;:[&quot;desktop&quot;,&quot;tablet&quot;]}]}\">\n\t\t\t\t\t<div class=\"e-con-inner\">\n\t\t<div data-particle_enable=\"false\" data-particle-mobile-disabled=\"false\" class=\"elementor-element elementor-element-9598c28 e-con-full e-flex e-con e-child\" data-id=\"9598c28\" data-element_type=\"container\" data-e-type=\"container\" data-settings=\"{&quot;jet_parallax_layout_list&quot;:[]}\">\n\t\t\t\t<div class=\"elementor-element elementor-element-ada2816 eael-dual-header-content-align-left elementor-widget elementor-widget-eael-dual-color-header\" data-id=\"ada2816\" data-element_type=\"widget\" data-e-type=\"widget\" data-widget_type=\"eael-dual-color-header.default\">\n\t\t\t\t<div class=\"elementor-widget-container\">\n\t\t\t\t\t\t\t\t<div class=\"eael-dual-header\">\n\t\t\t\t<h2 class=\"title eael-dch-title\"><span class=\"eael-dch-title-text eael-dch-title-lead lead solid-color\">Condiciones de Reserva<\/span> <span class=\"eael-dch-title-text\"><\/span><\/h2>\t\t\t<\/div>\n\n\t\t\t\t\t\t<\/div>\n\t\t\t\t<\/div>\n\t\t\t\t<div class=\"elementor-element elementor-element-ad0f751 elementor-widget__width-initial elementor-widget elementor-widget-text-editor\" data-id=\"ad0f751\" data-element_type=\"widget\" data-e-type=\"widget\" data-widget_type=\"text-editor.default\">\n\t\t\t\t<div class=\"elementor-widget-container\">\n\t\t\t\t\t\t\t\t\t<p>Por favor inf\u00f3rmenos de cualquier requerimiento diet\u00e9tico o alergia al momento de su reserva.<\/p><p>Para la cena damos la bienvenida a comensales a partir de 8 a\u00f1os.<\/p><p>La puntualidad es importante para la experiencia gastron\u00f3mica.<\/p><p>Con nuestro men\u00fa actual, no podemos atender a comensales veganos o sin l\u00e1cteos.<\/p><p>Amablemente recordamos a nuestros clientes que el c\u00f3digo de vestimenta de La Aquarela es formal casual.<\/p><p>Disfrutar la experiencia gastron\u00f3mica de nuestro men\u00fa degustaci\u00f3n <strong>llevar\u00e1 aproximadamente 3 horas<\/strong><\/p><p>Para mas que 6 personas sugerimos ponerse en contacto con la direci\u00f3n del restaurante a (0034) 928 735 891 o por correos a contacto@restaurantelaaquarela.com<\/p><p><strong>Para m\u00e1s informaci\u00f3n y disponibilidad los d\u00edas 24 y 31 de diciembre, contacte directamente con el restaurante en contacto@restaurantelaaquarela.com<\/strong><\/p>\t\t\t\t\t\t\t\t<\/div>\n\t\t\t\t<\/div>\n\t\t\t\t<div class=\"elementor-element elementor-element-a462ec1 eael-dual-header-content-align-left elementor-widget elementor-widget-eael-dual-color-header\" data-id=\"a462ec1\" data-element_type=\"widget\" data-e-type=\"widget\" data-widget_type=\"eael-dual-color-header.default\">\n\t\t\t\t<div class=\"elementor-widget-container\">\n\t\t\t\t\t\t\t\t<div class=\"eael-dual-header\">\n\t\t\t\t<h2 class=\"title eael-dch-title\"><span class=\"eael-dch-title-text eael-dch-title-lead lead solid-color\">Pol\u00edtica de Cancelaci\u00f3n<\/span> <span class=\"eael-dch-title-text\"><\/span><\/h2>\t\t\t<\/div>\n\n\t\t\t\t\t\t<\/div>\n\t\t\t\t<\/div>\n\t\t\t\t<div class=\"elementor-element elementor-element-84dc650 elementor-widget__width-initial elementor-widget elementor-widget-text-editor\" data-id=\"84dc650\" data-element_type=\"widget\" data-e-type=\"widget\" data-widget_type=\"text-editor.default\">\n\t\t\t\t<div class=\"elementor-widget-container\">\n\t\t\t\t\t\t\t\t\t<p>Si por alguna raz\u00f3n no puede asistir a su reserva, le solicitamos que realice la cancelaci\u00f3n con <strong>al menos 48 horas de antelaci\u00f3n.<\/strong> Para ello, puede utilizar el enlace de cancelaci\u00f3n proporcionado en el correo electr\u00f3nico de confirmaci\u00f3n o recordatorio de la reserva que le hemos enviado.<\/p><p>Si prefiere comunicarse directamente con nosotros, tambi\u00e9n puede contactarnos a trav\u00e9s de nuestro correo electr\u00f3nico de atenci\u00f3n al cliente: <a href=\"mailto:contacto@restaurantelaaquarela.com\" target=\"_new\">contacto@restaurantelaaquarela.com<\/a>.<\/p><p>\u00a0<\/p>\t\t\t\t\t\t\t\t<\/div>\n\t\t\t\t<\/div>\n\t\t\t\t<\/div>\n\t\t<div data-particle_enable=\"false\" data-particle-mobile-disabled=\"false\" class=\"elementor-element elementor-element-47e37cc e-con-full e-flex e-con e-child\" data-id=\"47e37cc\" data-element_type=\"container\" data-e-type=\"container\" data-settings=\"{&quot;jet_parallax_layout_list&quot;:[]}\">\n\t\t\t\t<div class=\"elementor-element elementor-element-595721e elementor-widget elementor-widget-html\" data-id=\"595721e\" data-element_type=\"widget\" data-e-type=\"widget\" data-widget_type=\"html.default\">\n\t\t\t\t<div class=\"elementor-widget-container\">\n\t\t\t\t\t<div align=\"center\"><iframe src=\"https:\/\/module.lafourchette.com\/es_ES\/module\/577659-aa999\" style=\"width: 100%; min-height:800px; border:none; scrolling:yes;\"><\/iframe><\/div>\t\t\t\t<\/div>\n\t\t\t\t<\/div>\n\t\t\t\t<\/div>\n\t\t\t\t\t<\/div>\n\t\t\t\t<\/div>\n\t\t\t\t<\/div>\n\t\t","protected":false},"excerpt":{"rendered":"<p>Condiciones de Reserva Por favor inf\u00f3rmenos de cualquier requerimiento diet\u00e9tico o alergia al momento de su reserva. Para la cena damos la bienvenida a comensales a partir de 8 a\u00f1os. La puntualidad es importante para la experiencia gastron\u00f3mica. Con nuestro men\u00fa actual, no podemos atender a comensales veganos o sin l\u00e1cteos. Amablemente recordamos a nuestros [&hellip;]<\/p>\n","protected":false},"author":2,"featured_media":0,"parent":0,"menu_order":0,"comment_status":"closed","ping_status":"closed","template":"elementor_header_footer","meta":{"footnotes":""},"class_list":["post-322","page","type-page","status-publish","hentry"],"_links":{"self":[{"href":"https:\/\/www.restaurantelaaquarela.com\/es\/wp-json\/wp\/v2\/pages\/322","targetHints":{"allow":["GET"]}}],"collection":[{"href":"https:\/\/www.restaurantelaaquarela.com\/es\/wp-json\/wp\/v2\/pages"}],"about":[{"href":"https:\/\/www.restaurantelaaquarela.com\/es\/wp-json\/wp\/v2\/types\/page"}],"author":[{"embeddable":true,"href":"https:\/\/www.restaurantelaaquarela.com\/es\/wp-json\/wp\/v2\/users\/2"}],"replies":[{"embeddable":true,"href":"https:\/\/www.restaurantelaaquarela.com\/es\/wp-json\/wp\/v2\/comments?post=322"}],"version-history":[{"count":0,"href":"https:\/\/www.restaurantelaaquarela.com\/es\/wp-json\/wp\/v2\/pages\/322\/revisions"}],"wp:attachment":[{"href":"https:\/\/www.restaurantelaaquarela.com\/es\/wp-json\/wp\/v2\/media?parent=322"}],"curies":[{"name":"wp","href":"https:\/\/api.w.org\/{rel}","templated":true}]}}